{"id":306,"date":"2019-03-20T11:29:04","date_gmt":"2019-03-20T10:29:04","guid":{"rendered":"https:\/\/www.gina-christof.com\/?page_id=306"},"modified":"2025-02-27T20:33:44","modified_gmt":"2025-02-27T19:33:44","slug":"impressum","status":"publish","type":"page","link":"https:\/\/www.gina-christof.com\/index.php\/impressum\/","title":{"rendered":"Impressum"},"content":{"rendered":"\t\t<div data-elementor-type=\"wp-post\" data-elementor-id=\"306\" class=\"elementor elementor-306\" data-elementor-settings=\"[]\">\n\t\t\t\t\t\t<div class=\"elementor-inner\">\n\t\t\t\t\t\t\t<div class=\"elementor-section-wrap\">\n\t\t\t\t\t\t\t<section class=\"elementor-section elementor-top-section elementor-element elementor-element-a57fc4e elementor-section-boxed elementor-section-height-default elementor-section-height-default\" data-id=\"a57fc4e\" data-element_type=\"section\">\n\t\t\t\t\t\t<div class=\"elementor-container elementor-column-gap-default\">\n\t\t\t\t\t\t\t<div class=\"elementor-row\">\n\t\t\t\t\t<div class=\"elementor-column elementor-col-100 elementor-top-column elementor-element elementor-element-7186bf6\" data-id=\"7186bf6\" data-element_type=\"column\">\n\t\t\t<div class=\"elementor-column-wrap elementor-element-populated\">\n\t\t\t\t\t\t\t<div class=\"elementor-widget-wrap\">\n\t\t\t\t\t\t<div class=\"elementor-element elementor-element-3b2fd36 elementor-widget elementor-widget-text-editor\" data-id=\"3b2fd36\" data-element_type=\"widget\" data-widget_type=\"text-editor.default\">\n\t\t\t\t<div class=\"elementor-widget-container\">\n\t\t\t\t\t\t\t\t<div class=\"elementor-text-editor elementor-clearfix\">\n\t\t\t\t<p><span style=\"color: #000000;\"><strong>Medieninhaber<br \/><\/strong>Gina Christof<br \/>Mobil: +43 650 69 12 439<br \/><\/span><span style=\"color: #000000;\">Mail: mail@gina-christof.com<\/span><\/p><p><span style=\"color: #000000;\">Gina Christof ist verantwortlich f\u00fcr den Inhalt dieser Webseite, distanziert sich jedoch ausdr\u00fccklich von Inhalten verlinkter Webseiten. \u00c4nderungen von Inhalten, insbesondere Terminen, sind vorbehalten.<\/span><\/p><p><span style=\"color: #000000;\">Copyright \u2013 2019: Gina Christof<\/span><\/p><p><span style=\"color: #000000;\"><strong>Fotos:<\/strong> Zoe Goldstein, Emma Zimmel, Andreas Kurz, Barbara P\u00e1lffy, Barbara Maria Hutter, Reinhard Winkler, Michaela Krauss-Boneau, Manfred Sodia<\/span><\/p><p style=\"font-family: HelveticaNeue; font-size: 12px;\"><span style=\"color: #000000;\"><strong>Inhalt<br \/><\/strong><\/span><span style=\"color: #000000;\">Alle Inhalte auf dieser Website sind urheberrechtlich gesch\u00fctzt. Texte, Bilder, Grafiken, Sound, Animationen und Videos unterliegen dem Schutz des Urheberrechts und anderer Schutzgesetze. Der Inhalt darf nicht zu kommerziellen Zwecken kopiert, verbreitet, ver\u00e4ndert oder Dritten zug\u00e4nglich gemacht werden. Jede Nutzung, insbesondere die Speicherung in Datenbanken, Vervielf\u00e4ltigung, Verbreitung, Bearbeitung und jede Form von gewerblicher Nutzung sowie die Weitergabe an Dritte \u2013 auch in Teilen oder in \u00fcberarbeiteter Form \u2013 ohne Zustimmung des Betreibers bzw. des Urhebers ist untersagt.<\/span><\/p><p style=\"font-family: HelveticaNeue; font-size: 12px;\"><span style=\"color: #000000;\">Nutzungsbedingungen, Gew\u00e4hrleistung, Haftung \u00fcber Inhalt und Verlinkungen<\/span><br \/><span style=\"color: #000000;\">Die Nutzung dieser Website erfolgt auf eigene Gefahr und auf eigenes Risiko. Wir \u00fcbernehmen weder Gew\u00e4hr f\u00fcr st\u00e4ndige Verf\u00fcgbarkeit, noch f\u00fcr die ver\u00f6ffentlichten Beitr\u00e4ge, Angebote, Dienstleistungen und Services hinsichtlich Richtigkeit, Vollst\u00e4ndigkeit und Funktionalit\u00e4t. Die Gew\u00e4hrleistung richtet sich nach den gesetzlichen Bestimmungen. Jegliche Haftung f\u00fcr Sch\u00e4den, die direkt oder indirekt aus der Benutzung dieser Webseite entstehen, sind ausgeschlossen.<\/span><\/p><p style=\"font-family: HelveticaNeue; font-size: 12px;\"><span style=\"color: #000000;\">Diese Website und die damit verbundenen Dienste werden unter dem Gesichtspunkt gr\u00f6\u00dfter Sorgfalt, Zuverl\u00e4ssigkeit und Verf\u00fcgbarkeit betrieben. Aus technischen Gr\u00fcnden ist es jedoch nicht m\u00f6glich, dass diese Dienste ohne Unterbrechung zug\u00e4nglich sind, dass die gew\u00fcnschten Verbindungen immer hergestellt werden k\u00f6nnen oder, dass gespeicherte Daten unter allen Gegebenheiten erhalten bleiben. Die st\u00e4ndige Verf\u00fcgbarkeit kann daher nicht zugesichert werden. IP-Konnektivit\u00e4t zu anderen Netzbetreibern erfolgt nach Ma\u00dfgabe der M\u00f6glichkeiten.<\/span><\/p><p style=\"font-family: HelveticaNeue; font-size: 12px;\"><span style=\"color: #000000;\">Jegliche Haftung f\u00fcr Probleme, die ihre Ursache in den Netzen Dritter haben, ist ausgeschlossen. Die Nutzung anderer Netze unterliegt den Nutzungsbedingungen der jeweiligen Betreiber. Bei h\u00f6herer Gewalt, Streiks, Einschr\u00e4nkungen der Leistungen anderer Netzbetreiber oder bei Reparatur- und Wartungsarbeiten kann es zu Einschr\u00e4nkungen oder Unterbrechungen kommen, wobei f\u00fcr derartige Ausf\u00e4lle keine Haftung besteht.<\/span><\/p><p style=\"font-family: HelveticaNeue; font-size: 12px;\"><span style=\"color: #000000;\"><strong>Links<br \/><\/strong><\/span><span style=\"color: #000000;\">Bei Verlinkungen auf weitere Online-Angebote \u00fcbernehmen wir keine Haftung \u00fcber den Inhalt, Funktionalit\u00e4t und Verf\u00fcgbarkeit der verlinkten Website(s). Dies gilt auch bei allen anderen direkten oder indirekten Verweisen oder Verlinkungen auf fremde Internetangebote. Links auf diese Website sind erw\u00fcnscht, wenn sie als externe Links in einem eigenen Browserfenster gestaltet sind. Eine \u00dcbernahme des Hauptfensters in einen Frame des Linksetzers ist unzul\u00e4ssig. Sollte eine Website, auf die wir verlinkt haben, rechtswidrige Inhalte enthalten, so bitten wir um Mitteilung, der Link wird dann umgehend entfernt.<\/span><\/p>\t\t\t\t\t<\/div>\n\t\t\t\t\t\t<\/div>\n\t\t\t\t<\/div>\n\t\t\t\t\t\t<\/div>\n\t\t\t\t\t<\/div>\n\t\t<\/div>\n\t\t\t\t\t\t\t\t<\/div>\n\t\t\t\t\t<\/div>\n\t\t<\/section>\n\t\t\t\t\t\t<\/div>\n\t\t\t\t\t\t<\/div>\n\t\t\t\t\t<\/div>\n\t\t","protected":false},"excerpt":{"rendered":"<p>MedieninhaberGina ChristofMobil: +43 650 69 12 439Mail: mail@gina-christof.com Gina Christof ist verantwortlich f\u00fcr den Inhalt dieser Webseite, distanziert sich jedoch ausdr\u00fccklich von Inhalten verlinkter Webseiten. \u00c4nderungen von Inhalten, insbesondere Terminen, sind vorbehalten. Copyright \u2013 2019: Gina Christof Fotos: Zoe Goldstein, Emma Zimmel, Andreas Kurz, Barbara P\u00e1lffy, Barbara Maria Hutter, Reinhard Winkler, Michaela Krauss-Boneau, Manfred Sodia&hellip;<\/p>\n","protected":false},"author":1,"featured_media":0,"parent":0,"menu_order":0,"comment_status":"closed","ping_status":"closed","template":"","meta":{"footnotes":""},"class_list":["post-306","page","type-page","status-publish","hentry"],"_links":{"self":[{"href":"https:\/\/www.gina-christof.com\/index.php\/wp-json\/wp\/v2\/pages\/306","targetHints":{"allow":["GET"]}}],"collection":[{"href":"https:\/\/www.gina-christof.com\/index.php\/wp-json\/wp\/v2\/pages"}],"about":[{"href":"https:\/\/www.gina-christof.com\/index.php\/wp-json\/wp\/v2\/types\/page"}],"author":[{"embeddable":true,"href":"https:\/\/www.gina-christof.com\/index.php\/wp-json\/wp\/v2\/users\/1"}],"replies":[{"embeddable":true,"href":"https:\/\/www.gina-christof.com\/index.php\/wp-json\/wp\/v2\/comments?post=306"}],"version-history":[{"count":14,"href":"https:\/\/www.gina-christof.com\/index.php\/wp-json\/wp\/v2\/pages\/306\/revisions"}],"predecessor-version":[{"id":1307,"href":"https:\/\/www.gina-christof.com\/index.php\/wp-json\/wp\/v2\/pages\/306\/revisions\/1307"}],"wp:attachment":[{"href":"https:\/\/www.gina-christof.com\/index.php\/wp-json\/wp\/v2\/media?parent=306"}],"curies":[{"name":"wp","href":"https:\/\/api.w.org\/{rel}","templated":true}]}}