{"id":323,"date":"2019-03-20T13:21:55","date_gmt":"2019-03-20T12:21:55","guid":{"rendered":"https:\/\/www.gina-christof.com\/?page_id=323"},"modified":"2019-03-22T11:54:56","modified_gmt":"2019-03-22T10:54:56","slug":"datenschutz","status":"publish","type":"page","link":"https:\/\/www.gina-christof.com\/index.php\/datenschutz\/","title":{"rendered":"Datenschutz"},"content":{"rendered":"\t\t<div data-elementor-type=\"wp-post\" data-elementor-id=\"323\" class=\"elementor elementor-323\" data-elementor-settings=\"[]\">\n\t\t\t\t\t\t<div class=\"elementor-inner\">\n\t\t\t\t\t\t\t<div class=\"elementor-section-wrap\">\n\t\t\t\t\t\t\t<section class=\"elementor-section elementor-top-section elementor-element elementor-element-66f90a5 elementor-section-boxed elementor-section-height-default elementor-section-height-default\" data-id=\"66f90a5\" data-element_type=\"section\">\n\t\t\t\t\t\t<div class=\"elementor-container elementor-column-gap-default\">\n\t\t\t\t\t\t\t<div class=\"elementor-row\">\n\t\t\t\t\t<div class=\"elementor-column elementor-col-100 elementor-top-column elementor-element elementor-element-0f1cca7\" data-id=\"0f1cca7\" data-element_type=\"column\">\n\t\t\t<div class=\"elementor-column-wrap elementor-element-populated\">\n\t\t\t\t\t\t\t<div class=\"elementor-widget-wrap\">\n\t\t\t\t\t\t<div class=\"elementor-element elementor-element-dc8236a elementor-widget elementor-widget-text-editor\" data-id=\"dc8236a\" data-element_type=\"widget\" data-widget_type=\"text-editor.default\">\n\t\t\t\t<div class=\"elementor-widget-container\">\n\t\t\t\t\t\t\t\t<div class=\"elementor-text-editor elementor-clearfix\">\n\t\t\t\t<p><span style=\"color: #000000;\"><strong>Datenschutzerkl\u00e4rung<\/strong><\/span><\/p><p><span style=\"color: #000000;\">Der Schutz Ihrer personenbezogenen Daten ist uns wichtig. Bei der Verwendung Ihrer Daten halten wir s\u00e4mtliche Vorgaben des Datenschutzgesetzes ein. Die Nutzung unserer Homepage ist ohne Angabe Ihrer Daten m\u00f6glich.<\/span><\/p><p><span style=\"color: #000000;\">Daten werden nur erhoben, wenn Sie mit uns in Kontakt treten und uns Ihre personenbezogenen Daten freiwillig zur Verf\u00fcgung stellen. Dar\u00fcber hinausgehende Informationen werden von uns ausschlie\u00dflich zum entsprechenden Zweck und unter Beachtung der geltenden gesetzlichen Bestimmungen verwendet.<\/span><\/p><p><span style=\"color: #000000;\">Sie haben das Recht, Auskunft \u00fcber die von uns zu Ihrer Person gespeicherten Daten zu verlangen. Zudem haben Sie das Recht auf L\u00f6schung Ihrer Daten sowie gegebenenfalls auf Berichtigung unrichtiger Daten. Dar\u00fcber hinaus k\u00f6nnen Sie eine vormals von Ihnen erteilte Zustimmung zur Nutzung Ihrer Daten widerrufen.<\/span><\/p><p><span style=\"color: #000000;\">F\u00fcr diesbez\u00fcgliche Fragen oder Anliegen stehen wir Ihnen gerne unter\u00a0<a style=\"color: #000000;\" href=\"mailto: mail@gina-christof.com\">mail@gina-christof.com<\/a>\u00a0zur Verf\u00fcgung.<\/span><\/p><p><strong><span style=\"color: #000000;\">Nutzung von Social-Media-Plugins von Facebook<\/span><\/strong><br \/><span style=\"color: #000000;\">Aufgrund unseres berechtigten Interesses an der Analyse, Optimierung und dem Betrieb unseres Online-Angebotes (im Sinne des Art. 6 Abs. 1 lit. f. DSGVO), verwendet diese Website das Facebook-Social-Plugin, welches von der Facebook Inc. (1 Hacker Way, Menlo Park, California 94025, USA) betrieben wird. Erkennbar sind die Einbindungen an dem Facebook-Logo bzw. an den Begriffen \u201eLike\u201c, \u201eGef\u00e4llt mir\u201c, \u201eTeilen\u201c in den Farben Facebooks (Blau und Wei\u00df). Informationen zu allen Facebook-Plugins finden Sie \u00fcber den folgenden Link: https:\/\/developers.facebook.com\/docs\/plugins\/<\/span><br \/><span style=\"color: #000000;\">Facebook Inc. h\u00e4lt das europ\u00e4ische Datenschutzrecht ein und ist unter dem Privacy-Shield-Abkommen zertifiziert: https:\/\/www.privacyshield.gov\/participant?id=a2zt0000000GnywAAC&amp;status=Active<\/span><br \/><span style=\"color: #000000;\">Das Plugin stellt eine direkte Verbindung zwischen Ihrem Browser und den Facebook-Servern her. Der Websitebetreiber hat keinerlei Einfluss auf die Natur und den Umfang der Daten, welche das Plugin an die Server der Facebook Inc. \u00fcbermittelt. Informationen dazu finden Sie hier: https:\/\/www.facebook.com\/help\/186325668085084<\/span><br \/><span style=\"color: #000000;\">Das Plugin informiert die Facebook Inc. dar\u00fcber, dass Sie als Nutzer diese Website besucht haben. Es besteht hierbei die M\u00f6glichkeit, dass Ihre IP-Adresse gespeichert wird. Sind Sie w\u00e4hrend des Besuchs auf dieser Website in Ihrem Facebook-Konto eingeloggt, werden die genannten Informationen mit diesem verkn\u00fcpft.<\/span><br \/><span style=\"color: #000000;\">Nutzen Sie die Funktionen des Plugins \u2013 etwa indem Sie einen Beitrag teilen oder \u201eliken\u201c \u2013, werden die entsprechenden Informationen ebenfalls an die Facebook Inc. \u00fcbermittelt.<\/span><br \/><span style=\"color: #000000;\">M\u00f6chten Sie verhindern, dass die Facebook. Inc. diese Daten mit Ihrem Facebook-Konto verkn\u00fcpft, loggen Sie sich bitte vor dem Besuch dieser Website bei Facebook aus und l\u00f6schen Sie die gespeicherten Cookies. \u00dcber Ihr Facebook-Profil k\u00f6nnen Sie weitere Einstellungen zur Datenverarbeitung f\u00fcr Werbezwecke t\u00e4tigen oder der Nutzung Ihrer Daten f\u00fcr Werbezwecke widersprechen. Zu den Einstellungen gelangen Sie hier:<\/span><\/p><p><span style=\"color: #000000;\">Profileinstellungen bei Facebook: https:\/\/www.facebook.com\/ads\/preferences\/?entry_product=ad_settings_screen<\/span><br \/><span style=\"color: #000000;\">Cookie-Deaktivierungsseite der US-amerikanischen Website: http:\/\/optout.aboutads.info\/?c=2#!\/<\/span><br \/><span style=\"color: #000000;\">Cookie-Deaktivierungsseite der europ\u00e4ischen Website: http:\/\/optout.networkadvertising.org\/?c=1#!\/<\/span><\/p><p><span style=\"color: #000000;\">Welche Daten, zu welchem Zweck und in welchem Umfang Facebook Daten erhebt, nutzt und verarbeitet und welche Rechte sowie Einstellungsm\u00f6glichkeiten Sie zum Schutz Ihrer Privatsph\u00e4re haben, k\u00f6nnen Sie in den Datenschutzrichtlinien von Facebook nachlesen. Diese finden Sie hier: https:\/\/www.facebook.com\/about\/privacy\/<\/span><\/p>\t\t\t\t\t<\/div>\n\t\t\t\t\t\t<\/div>\n\t\t\t\t<\/div>\n\t\t\t\t\t\t<\/div>\n\t\t\t\t\t<\/div>\n\t\t<\/div>\n\t\t\t\t\t\t\t\t<\/div>\n\t\t\t\t\t<\/div>\n\t\t<\/section>\n\t\t\t\t\t\t<\/div>\n\t\t\t\t\t\t<\/div>\n\t\t\t\t\t<\/div>\n\t\t","protected":false},"excerpt":{"rendered":"<p>Datenschutzerkl\u00e4rung Der Schutz Ihrer personenbezogenen Daten ist uns wichtig. Bei der Verwendung Ihrer Daten halten wir s\u00e4mtliche Vorgaben des Datenschutzgesetzes ein. Die Nutzung unserer Homepage ist ohne Angabe Ihrer Daten m\u00f6glich. Daten werden nur erhoben, wenn Sie mit uns in Kontakt treten und uns Ihre personenbezogenen Daten freiwillig zur Verf\u00fcgung stellen. Dar\u00fcber hinausgehende Informationen werden&hellip;<\/p>\n","protected":false},"author":1,"featured_media":0,"parent":0,"menu_order":0,"comment_status":"closed","ping_status":"closed","template":"","meta":{"footnotes":""},"class_list":["post-323","page","type-page","status-publish","hentry"],"_links":{"self":[{"href":"https:\/\/www.gina-christof.com\/index.php\/wp-json\/wp\/v2\/pages\/323","targetHints":{"allow":["GET"]}}],"collection":[{"href":"https:\/\/www.gina-christof.com\/index.php\/wp-json\/wp\/v2\/pages"}],"about":[{"href":"https:\/\/www.gina-christof.com\/index.php\/wp-json\/wp\/v2\/types\/page"}],"author":[{"embeddable":true,"href":"https:\/\/www.gina-christof.com\/index.php\/wp-json\/wp\/v2\/users\/1"}],"replies":[{"embeddable":true,"href":"https:\/\/www.gina-christof.com\/index.php\/wp-json\/wp\/v2\/comments?post=323"}],"version-history":[{"count":3,"href":"https:\/\/www.gina-christof.com\/index.php\/wp-json\/wp\/v2\/pages\/323\/revisions"}],"predecessor-version":[{"id":332,"href":"https:\/\/www.gina-christof.com\/index.php\/wp-json\/wp\/v2\/pages\/323\/revisions\/332"}],"wp:attachment":[{"href":"https:\/\/www.gina-christof.com\/index.php\/wp-json\/wp\/v2\/media?parent=323"}],"curies":[{"name":"wp","href":"https:\/\/api.w.org\/{rel}","templated":true}]}}